{"id":27,"date":"2019-03-30T13:34:10","date_gmt":"2019-03-30T13:34:10","guid":{"rendered":"https:\/\/hubijubi.de\/?page_id=27"},"modified":"2024-01-13T23:01:40","modified_gmt":"2024-01-13T23:01:40","slug":"impressum-und-datenschutzerklaerung","status":"publish","type":"page","link":"https:\/\/hubertus-hippelank.de\/index.php\/impressum-und-datenschutzerklaerung\/","title":{"rendered":"Impressum"},"content":{"rendered":"\t\t<div data-elementor-type=\"wp-page\" data-elementor-id=\"27\" class=\"elementor elementor-27\">\n\t\t\t\t\t\t<section class=\"elementor-section elementor-top-section elementor-element elementor-element-4eaf236a elementor-section-boxed elementor-section-height-default elementor-section-height-default\" data-id=\"4eaf236a\" data-element_type=\"section\" data-e-type=\"section\">\n\t\t\t\t\t\t<div class=\"elementor-container elementor-column-gap-default\">\n\t\t\t\t\t<div class=\"elementor-column elementor-col-100 elementor-top-column elementor-element elementor-element-6dcc7259\" data-id=\"6dcc7259\" data-element_type=\"column\" data-e-type=\"column\">\n\t\t\t<div class=\"elementor-widget-wrap elementor-element-populated\">\n\t\t\t\t\t\t<div class=\"elementor-element elementor-element-be7173d elementor-widget elementor-widget-text-editor\" data-id=\"be7173d\" data-element_type=\"widget\" data-e-type=\"widget\" data-widget_type=\"text-editor.default\">\n\t\t\t\t<div class=\"elementor-widget-container\">\n\t\t\t\t\t\t\t\t\t<p><\/p>\n<p>Informationen und Dienste unter hubertus-hippelank.de und hubijubi.de sind ein Service des Hubertus-Sch\u00fctzenverein Neuss-Grimlinghausen 1920<\/p>\n<p><\/p>\n<p><\/p>\n<p>Verantwortlich i.S.v. \u00a7 6 TDG und \u00a7 6 Abs. 2 MDStV:<\/p>\n<p><\/p>\n<p><\/p>\n<p>Ralf Philipsen 1. Vorsitzender  <a href=\"mailto:karten@hubijubi.de\">E-Mail schreiben<\/a>  <\/p>\n<p><\/p>\n<p><\/p>\n<p>Administrativer Ansprechpartner:<\/p>\n<p><\/p>\n<p><\/p>\n<p>Ralf Philipsen, Lukas Koch  <a href=\"mailto:karten@hubijubi.de\">E-Mail schreiben<\/a> <\/p>\n<p><\/p>\n<p><\/p>\n<p>Die Webseiten werden gehostet durch:<\/p>\n<p><\/p>\n<p><\/p>\n<p>Internetdienstleistungen  Host Europe GmbH<\/p><p><br><\/p>\n<p><\/p>\n<p><\/p>\n<p>Haftungsausschluss<\/p>\n<p><\/p>\n<p><\/p>\n<p>1. Inhalt des Internetangebots<\/p>\n<p><\/p>\n<p><\/p>\n<p>Der&nbsp; Hubertus-Sch\u00fctzenverein Neuss-Grimlinghausen (im Folgenden als Anbieter bezeichnet) \u00fcbernimmt keine Gew\u00e4hr f\u00fcr die Aktualit\u00e4t, Korrektheit, Vollst\u00e4ndigkeit oder Qualit\u00e4t der angebotenen Informationen. Haftungsanspr\u00fcche bezogen auf Sch\u00e4den materieller oder ideeller Art, die durch Nutzung oder Nichtnutzung der vom Anbieter dargebotenen Informationen bzw. durch Nutzung fehlerhafter und unvollst\u00e4ndiger Informationen verursacht wurden, sind grunds\u00e4tzlich ausgeschlossen, sofern von Seiten des Anbieters kein nachweislich vors\u00e4tzliches oder grob fahrl\u00e4ssiges Verschulden vorliegt.<\/p>\n<p><\/p>\n<p><\/p>\n<p>Alle Angebote sind freibleibend und unverbindlich. Das Internetangebot in Teilen oder im Ganzen ohne gesonderte Ank\u00fcndigung zu erg\u00e4nzen, zu \u00e4ndern oder zu l\u00f6schen, sowie die Ver\u00f6ffentlichung vor\u00fcbergehend oder endg\u00fcltig einzustellen beh\u00e4lt sich der Anbieter ausdr\u00fccklich vor.<\/p>\n<p><\/p>\n<p><\/p>\n<p>2. Verweise und Links<\/p>\n<p><\/p>\n<p><\/p>\n<p>Eine Haftungsverpflichtung f\u00fcr Inhalte fremder Internetangebote, auf die direkt oder indirekt durch Hyperlinks verwiesen wird, tritt ausschlie\u00dflich in dem Fall in Kraft, in dem der Anbieter von den Inhalten Kenntnis hat und es ihm technisch m\u00f6glich und zumutbar w\u00e4re, die Nutzung im Falle rechtswidriger Inhalte zu verhindern. Der Anbieter erkl\u00e4rt ausdr\u00fccklich, dass zum Zeitpunkt der Aufnahme des Verweises keine illegalen Inhalte auf den verlinkten\/verkn\u00fcpften Seiten erkennbar waren. Die aktuelle und k\u00fcnftige Gestaltung, die Inhalte und die Urheberschaft der verlinkten\/verkn\u00fcpften Seiten entziehen sich dem Einflussbereich des Anbieters. Daher distanziert sich der Anbieter hiermit ausdr\u00fccklich von den Inhalten verlinkter\/verkn\u00fcpfter Seiten, die nach der Aufnahme des Verweises ge\u00e4ndert wurden.<\/p>\n<p><\/p>\n<p><\/p>\n<p>Diese Distanzierung gilt f\u00fcr alle innerhalb des eigenen Internetangebots aufgenommenen Links\/Verweise, f\u00fcr Fremdeintr\u00e4ge in vom Anbieter betriebenen G\u00e4steb\u00fcchern, Foren, Linkverzeichnissen, Mailinglisten und anderen Formen von Datenbanken, auf deren Inhalt externe Schreibzugriffe m\u00f6glich sind. F\u00fcr illegale, fehlerhafte und unvollst\u00e4ndige Inhalte und insbesondere f\u00fcr Sch\u00e4den, die aus der Nutzung oder Nichtnutzung solcher dargebotener Informationen entstehen, haftet allein der Anbieter der Seite, auf die verwiesen wurde, nicht derjenige, der \u00fcber Links\/Verweise auf die betreffende Seite verweist.<\/p>\n<p><\/p>\n<p><\/p>\n<p>3. Urheber- und Kennzeichnungsrecht<\/p>\n<p><\/p>\n<p><\/p>\n<p>Der Anbieter strebt an, die Urheberrechte der im Rahmen seines Internetangebots verwendeten Grafiken, Fotos, Videosequenzen, Tondokumente und Texte zu beachten sowie auf von ihm selbst erstellte Grafiken, Fotos, Videosequenzen, Tondokumente und Texte zur\u00fcckzugreifen oder lizenzfreie Grafiken, Fotos, Videosequenzen, Tondokumente und Texte zu nutzen.<\/p>\n<p><\/p>\n<p><\/p>\n<p>Die innerhalb des Angebots genannten und ggfs. durch Dritte gesch\u00fctzten Marken- und Warenzeichen unterliegen uneingeschr\u00e4nkt den Bestimmungen des jeweils g\u00fcltigen Kennzeichnungsrechts sowie den Besitzrechten der eingetragenen Eigent\u00fcmer. Die blo\u00dfe Nennung bedeutet nicht, dass Markenzeichen nicht durch die Rechte Dritter gesch\u00fctzt sind.<\/p>\n<p><\/p>\n<p><\/p>\n<p>F\u00fcr vom Anbieter selbst erstellte und ver\u00f6ffentlichte Objekte verbleibt das Copyright allein beim Anbieter der Seiten. Vervielf\u00e4ltigung und Verwendung solcher Grafiken, Fotos, Videosequenzen, Tondokumente und Texte in anderen gedruckten\/elektronischen Publikationen ist ohne die ausdr\u00fcckliche Zustimmung des Anbieters nicht gestattet.<\/p>\n<p><\/p>\n<p><\/p>\n<p>4. Rechtswirksamkeit dieses Haftungsausschlusses<\/p>\n<p><\/p>\n<p><\/p>\n<p>Dieser Haftungsausschluss ist als Teil des vom Anbieter ver\u00f6ffentlichten Internetangebots zu betrachten. Sofern einzelne Teile oder Formulierungen<br>\ndieses Textes der geltenden Rechtslage nicht, nicht mehr oder nicht vollst\u00e4ndig entsprechen sollten, bleiben die \u00fcbrigen Teile des Dokuments in ihrem Inhalt und ihrer G\u00fcltigkeit davon unber\u00fchrt.<\/p>\n<p><\/p>\t\t\t\t\t\t\t\t<\/div>\n\t\t\t\t<\/div>\n\t\t\t\t\t<\/div>\n\t\t<\/div>\n\t\t\t\t\t<\/div>\n\t\t<\/section>\n\t\t\t\t<\/div>\n\t\t","protected":false},"excerpt":{"rendered":"<p>Informationen und Dienste unter hubertus-hippelank.de und hubijubi.de sind ein Service des Hubertus-Sch\u00fctzenverein Neuss-Grimlinghausen 1920 Verantwortlich i.S.v. \u00a7 6 TDG und \u00a7 6 Abs. 2 MDStV: Ralf Philipsen 1. Vorsitzender E-Mail schreiben Administrativer Ansprechpartner: Ralf Philipsen, Lukas Koch E-Mail schreiben Die Webseiten werden gehostet durch: Internetdienstleistungen Host Europe GmbH Haftungsausschluss 1. Inhalt des Internetangebots Der&nbsp; Hubertus-Sch\u00fctzenverein [&hellip;]<\/p>\n","protected":false},"author":1,"featured_media":0,"parent":0,"menu_order":0,"comment_status":"closed","ping_status":"closed","template":"","meta":{"ocean_post_layout":"","ocean_both_sidebars_style":"","ocean_both_sidebars_content_width":0,"ocean_both_sidebars_sidebars_width":0,"ocean_sidebar":"0","ocean_second_sidebar":"0","ocean_disable_margins":"enable","ocean_add_body_class":"","ocean_shortcode_before_top_bar":"","ocean_shortcode_after_top_bar":"","ocean_shortcode_before_header":"","ocean_shortcode_after_header":"","ocean_has_shortcode":"","ocean_shortcode_after_title":"","ocean_shortcode_before_footer_widgets":"","ocean_shortcode_after_footer_widgets":"","ocean_shortcode_before_footer_bottom":"","ocean_shortcode_after_footer_bottom":"","ocean_display_top_bar":"default","ocean_display_header":"default","ocean_header_style":"","ocean_center_header_left_menu":"0","ocean_custom_header_template":"0","ocean_custom_logo":0,"ocean_custom_retina_logo":0,"ocean_custom_logo_max_width":0,"ocean_custom_logo_tablet_max_width":0,"ocean_custom_logo_mobile_max_width":0,"ocean_custom_logo_max_height":0,"ocean_custom_logo_tablet_max_height":0,"ocean_custom_logo_mobile_max_height":0,"ocean_header_custom_menu":"0","ocean_menu_typo_font_family":"0","ocean_menu_typo_font_subset":"","ocean_menu_typo_font_size":0,"ocean_menu_typo_font_size_tablet":0,"ocean_menu_typo_font_size_mobile":0,"ocean_menu_typo_font_size_unit":"px","ocean_menu_typo_font_weight":"","ocean_menu_typo_font_weight_tablet":"","ocean_menu_typo_font_weight_mobile":"","ocean_menu_typo_transform":"","ocean_menu_typo_transform_tablet":"","ocean_menu_typo_transform_mobile":"","ocean_menu_typo_line_height":0,"ocean_menu_typo_line_height_tablet":0,"ocean_menu_typo_line_height_mobile":0,"ocean_menu_typo_line_height_unit":"","ocean_menu_typo_spacing":0,"ocean_menu_typo_spacing_tablet":0,"ocean_menu_typo_spacing_mobile":0,"ocean_menu_typo_spacing_unit":"","ocean_menu_link_color":"","ocean_menu_link_color_hover":"","ocean_menu_link_color_active":"","ocean_menu_link_background":"","ocean_menu_link_hover_background":"","ocean_menu_link_active_background":"","ocean_menu_social_links_bg":"","ocean_menu_social_hover_links_bg":"","ocean_menu_social_links_color":"","ocean_menu_social_hover_links_color":"","ocean_disable_title":"default","ocean_disable_heading":"default","ocean_post_title":"","ocean_post_subheading":"","ocean_post_title_style":"","ocean_post_title_background_color":"","ocean_post_title_background":0,"ocean_post_title_bg_image_position":"","ocean_post_title_bg_image_attachment":"","ocean_post_title_bg_image_repeat":"","ocean_post_title_bg_image_size":"","ocean_post_title_height":0,"ocean_post_title_bg_overlay":0.5,"ocean_post_title_bg_overlay_color":"","ocean_disable_breadcrumbs":"default","ocean_breadcrumbs_color":"","ocean_breadcrumbs_separator_color":"","ocean_breadcrumbs_links_color":"","ocean_breadcrumbs_links_hover_color":"","ocean_display_footer_widgets":"default","ocean_display_footer_bottom":"default","ocean_custom_footer_template":"0","footnotes":""},"class_list":["post-27","page","type-page","status-publish","hentry","entry"],"_links":{"self":[{"href":"https:\/\/hubertus-hippelank.de\/index.php\/wp-json\/wp\/v2\/pages\/27","targetHints":{"allow":["GET"]}}],"collection":[{"href":"https:\/\/hubertus-hippelank.de\/index.php\/wp-json\/wp\/v2\/pages"}],"about":[{"href":"https:\/\/hubertus-hippelank.de\/index.php\/wp-json\/wp\/v2\/types\/page"}],"author":[{"embeddable":true,"href":"https:\/\/hubertus-hippelank.de\/index.php\/wp-json\/wp\/v2\/users\/1"}],"replies":[{"embeddable":true,"href":"https:\/\/hubertus-hippelank.de\/index.php\/wp-json\/wp\/v2\/comments?post=27"}],"version-history":[{"count":3,"href":"https:\/\/hubertus-hippelank.de\/index.php\/wp-json\/wp\/v2\/pages\/27\/revisions"}],"predecessor-version":[{"id":570,"href":"https:\/\/hubertus-hippelank.de\/index.php\/wp-json\/wp\/v2\/pages\/27\/revisions\/570"}],"wp:attachment":[{"href":"https:\/\/hubertus-hippelank.de\/index.php\/wp-json\/wp\/v2\/media?parent=27"}],"curies":[{"name":"wp","href":"https:\/\/api.w.org\/{rel}","templated":true}]}}